{"id":10669,"date":"2023-07-14T13:36:43","date_gmt":"2023-07-14T11:36:43","guid":{"rendered":"https:\/\/cphride.dk\/?page_id=10669"},"modified":"2025-10-07T17:04:38","modified_gmt":"2025-10-07T15:04:38","slug":"ridelejr-for-boern","status":"publish","type":"page","link":"https:\/\/cphride.dk\/en\/ridelejr-for-boern\/","title":{"rendered":"Ridelejr for b\u00f8rn"},"content":{"rendered":"\n<h3 class=\"wp-block-heading\">Heste, sjov, undervisning, rideture &amp; venskaber!<\/h3>\n\n\n\n<p><strong>Herunder finder du billeder fra vores to ridelejr i Juli &#8217;23. Det var en k\u00e6mpe succes og vi havde mange glade b\u00f8rn og for\u00e6ldre \ud83d\ude42 <\/strong><\/p>\n\n\n\n<p>Vi har ca. 10-15 b\u00f8rn pr. ridelejr og to erfarne voksne til at styre slaget. Vi l\u00f8re om hestens adf\u00e6rd og anatomi, som f\u00f8lges op af bes\u00f8g af smede, &#8220;heste-hviskere&#8221;, dyrl\u00e6ger og hvad vi finder p\u00e5. Mad over b\u00e5l, hygge i campingvognen og massere af tid og ture med hestene og de andre b\u00f8rn!<\/p>\n\n\n\n<p>Lejren foreg\u00e5r hver dag fra 09.30-16.30. Har man s\u00e6rlige behov for at kunne tr\u00e6kke sig ind i mellem eller andet, s\u00e5 finder vi ogs\u00e5 ud af det.<\/p>\n\n\n\n<p>\u2705&nbsp;To erfarne voksne tar sig godt af jeres b\u00f8rn<br>\u2705&nbsp;F\u00e5r t-shirt med logo &amp; diplom<br>\u2705&nbsp;Mad inkluderet<\/p>\n\n\n\n<div class=\"wp-block-buttons is-content-justification-left is-layout-flex wp-container-core-buttons-is-layout-fdcfc74e wp-block-buttons-is-layout-flex\">\n<div class=\"wp-block-button is-style-outline is-style-outline--1\"><a class=\"wp-block-button__link has-text-color wp-element-button\" href=\"https:\/\/cphride.dk\/kontakt-info\/\" style=\"border-radius:0px;color:#00d158\">Kontakt os<\/a><\/div>\n<\/div>\n\n\n\n<figure class=\"wp-block-gallery has-nested-images columns-default is-cropped wp-block-gallery-2 is-layout-flex wp-block-gallery-is-layout-flex\">\n\n\n<figure class=\"wp-block-image size-large\"><a href=\"https:\/\/cphride.dk\/wp-content\/uploads\/2025\/09\/IMG_8605-scaled.jpg\"><img loading=\"lazy\" decoding=\"async\" width=\"768\" height=\"1024\" data-id=\"12997\" src=\"https:\/\/cphride.dk\/wp-content\/uploads\/2025\/09\/IMG_8605-768x1024.jpg\" alt=\"\" class=\"wp-image-12997\" srcset=\"https:\/\/cphride.dk\/wp-content\/uploads\/2025\/09\/IMG_8605-768x1024.jpg 768w, https:\/\/cphride.dk\/wp-content\/uploads\/2025\/09\/IMG_8605-225x300.jpg 225w, https:\/\/cphride.dk\/wp-content\/uploads\/2025\/09\/IMG_8605-1152x1536.jpg 1152w, https:\/\/cphride.dk\/wp-content\/uploads\/2025\/09\/IMG_8605-1536x2048.jpg 1536w, https:\/\/cphride.dk\/wp-content\/uploads\/2025\/09\/IMG_8605-300x400.jpg 300w, https:\/\/cphride.dk\/wp-content\/uploads\/2025\/09\/IMG_8605-450x600.jpg 450w, https:\/\/cphride.dk\/wp-content\/uploads\/2025\/09\/IMG_8605-413x550.jpg 413w, https:\/\/cphride.dk\/wp-content\/uploads\/2025\/09\/IMG_8605-scaled.jpg 1920w\" sizes=\"auto, (max-width: 768px) 100vw, 768px\" \/><\/a><\/figure>\n\n\n\n<figure class=\"wp-block-image size-large\"><a href=\"https:\/\/cphride.dk\/wp-content\/uploads\/2025\/09\/IMG_8646-scaled.jpg\"><img loading=\"lazy\" decoding=\"async\" width=\"768\" height=\"1024\" data-id=\"12992\" src=\"https:\/\/cphride.dk\/wp-content\/uploads\/2025\/09\/IMG_8646-768x1024.jpg\" alt=\"\" class=\"wp-image-12992\" srcset=\"https:\/\/cphride.dk\/wp-content\/uploads\/2025\/09\/IMG_8646-768x1024.jpg 768w, https:\/\/cphride.dk\/wp-content\/uploads\/2025\/09\/IMG_8646-225x300.jpg 225w, https:\/\/cphride.dk\/wp-content\/uploads\/2025\/09\/IMG_8646-1152x1536.jpg 1152w, https:\/\/cphride.dk\/wp-content\/uploads\/2025\/09\/IMG_8646-1536x2048.jpg 1536w, https:\/\/cphride.dk\/wp-content\/uploads\/2025\/09\/IMG_8646-300x400.jpg 300w, https:\/\/cphride.dk\/wp-content\/uploads\/2025\/09\/IMG_8646-450x600.jpg 450w, https:\/\/cphride.dk\/wp-content\/uploads\/2025\/09\/IMG_8646-413x550.jpg 413w, https:\/\/cphride.dk\/wp-content\/uploads\/2025\/09\/IMG_8646-scaled.jpg 1920w\" sizes=\"auto, (max-width: 768px) 100vw, 768px\" \/><\/a><\/figure>\n\n\n\n\n\n<figure class=\"wp-block-image size-large\"><a href=\"https:\/\/cphride.dk\/wp-content\/uploads\/2025\/09\/IMG_8660-scaled.jpg\"><img loading=\"lazy\" decoding=\"async\" width=\"768\" height=\"1024\" data-id=\"12984\" src=\"https:\/\/cphride.dk\/wp-content\/uploads\/2025\/09\/IMG_8660-768x1024.jpg\" alt=\"\" class=\"wp-image-12984\" srcset=\"https:\/\/cphride.dk\/wp-content\/uploads\/2025\/09\/IMG_8660-768x1024.jpg 768w, https:\/\/cphride.dk\/wp-content\/uploads\/2025\/09\/IMG_8660-225x300.jpg 225w, https:\/\/cphride.dk\/wp-content\/uploads\/2025\/09\/IMG_8660-1152x1536.jpg 1152w, https:\/\/cphride.dk\/wp-content\/uploads\/2025\/09\/IMG_8660-1536x2048.jpg 1536w, https:\/\/cphride.dk\/wp-content\/uploads\/2025\/09\/IMG_8660-300x400.jpg 300w, https:\/\/cphride.dk\/wp-content\/uploads\/2025\/09\/IMG_8660-450x600.jpg 450w, https:\/\/cphride.dk\/wp-content\/uploads\/2025\/09\/IMG_8660-413x550.jpg 413w, https:\/\/cphride.dk\/wp-content\/uploads\/2025\/09\/IMG_8660-scaled.jpg 1920w\" sizes=\"auto, (max-width: 768px) 100vw, 768px\" \/><\/a><\/figure>\n\n\n\n<figure class=\"wp-block-image size-large\"><a href=\"https:\/\/cphride.dk\/wp-content\/uploads\/2025\/09\/IMG_8679.jpg\"><img loading=\"lazy\" decoding=\"async\" width=\"1024\" height=\"768\" data-id=\"12978\" src=\"https:\/\/cphride.dk\/wp-content\/uploads\/2025\/09\/IMG_8679.jpg\" alt=\"\" class=\"wp-image-12978\" srcset=\"https:\/\/cphride.dk\/wp-content\/uploads\/2025\/09\/IMG_8679.jpg 1024w, https:\/\/cphride.dk\/wp-content\/uploads\/2025\/09\/IMG_8679-300x225.jpg 300w, https:\/\/cphride.dk\/wp-content\/uploads\/2025\/09\/IMG_8679-768x576.jpg 768w, https:\/\/cphride.dk\/wp-content\/uploads\/2025\/09\/IMG_8679-450x338.jpg 450w, https:\/\/cphride.dk\/wp-content\/uploads\/2025\/09\/IMG_8679-425x319.jpg 425w\" sizes=\"auto, (max-width: 1024px) 100vw, 1024px\" \/><\/a><\/figure>\n\n\n\n<figure class=\"wp-block-image size-large\"><a href=\"https:\/\/cphride.dk\/wp-content\/uploads\/2025\/09\/IMG_8680.jpg\"><img loading=\"lazy\" decoding=\"async\" width=\"768\" height=\"1024\" data-id=\"12980\" src=\"https:\/\/cphride.dk\/wp-content\/uploads\/2025\/09\/IMG_8680.jpg\" alt=\"\" class=\"wp-image-12980\" srcset=\"https:\/\/cphride.dk\/wp-content\/uploads\/2025\/09\/IMG_8680.jpg 768w, https:\/\/cphride.dk\/wp-content\/uploads\/2025\/09\/IMG_8680-225x300.jpg 225w, https:\/\/cphride.dk\/wp-content\/uploads\/2025\/09\/IMG_8680-300x400.jpg 300w, https:\/\/cphride.dk\/wp-content\/uploads\/2025\/09\/IMG_8680-450x600.jpg 450w, https:\/\/cphride.dk\/wp-content\/uploads\/2025\/09\/IMG_8680-413x550.jpg 413w\" sizes=\"auto, (max-width: 768px) 100vw, 768px\" \/><\/a><\/figure>\n\n\n\n<figure class=\"wp-block-image size-large\"><a href=\"https:\/\/cphride.dk\/wp-content\/uploads\/2025\/09\/IMG_8751-scaled.jpg\"><img loading=\"lazy\" decoding=\"async\" width=\"768\" height=\"1024\" data-id=\"12982\" src=\"https:\/\/cphride.dk\/wp-content\/uploads\/2025\/09\/IMG_8751-768x1024.jpg\" alt=\"\" class=\"wp-image-12982\" srcset=\"https:\/\/cphride.dk\/wp-content\/uploads\/2025\/09\/IMG_8751-768x1024.jpg 768w, https:\/\/cphride.dk\/wp-content\/uploads\/2025\/09\/IMG_8751-225x300.jpg 225w, https:\/\/cphride.dk\/wp-content\/uploads\/2025\/09\/IMG_8751-1152x1536.jpg 1152w, https:\/\/cphride.dk\/wp-content\/uploads\/2025\/09\/IMG_8751-1536x2048.jpg 1536w, https:\/\/cphride.dk\/wp-content\/uploads\/2025\/09\/IMG_8751-300x400.jpg 300w, https:\/\/cphride.dk\/wp-content\/uploads\/2025\/09\/IMG_8751-450x600.jpg 450w, https:\/\/cphride.dk\/wp-content\/uploads\/2025\/09\/IMG_8751-413x550.jpg 413w, https:\/\/cphride.dk\/wp-content\/uploads\/2025\/09\/IMG_8751-scaled.jpg 1920w\" sizes=\"auto, (max-width: 768px) 100vw, 768px\" \/><\/a><\/figure>\n\n\n\n<figure class=\"wp-block-image size-large\"><a href=\"https:\/\/cphride.dk\/wp-content\/uploads\/2025\/09\/IMG_8759-scaled.jpg\"><img loading=\"lazy\" decoding=\"async\" width=\"768\" height=\"1024\" data-id=\"13000\" src=\"https:\/\/cphride.dk\/wp-content\/uploads\/2025\/09\/IMG_8759-768x1024.jpg\" alt=\"\" class=\"wp-image-13000\" srcset=\"https:\/\/cphride.dk\/wp-content\/uploads\/2025\/09\/IMG_8759-768x1024.jpg 768w, https:\/\/cphride.dk\/wp-content\/uploads\/2025\/09\/IMG_8759-225x300.jpg 225w, https:\/\/cphride.dk\/wp-content\/uploads\/2025\/09\/IMG_8759-1152x1536.jpg 1152w, https:\/\/cphride.dk\/wp-content\/uploads\/2025\/09\/IMG_8759-1536x2048.jpg 1536w, https:\/\/cphride.dk\/wp-content\/uploads\/2025\/09\/IMG_8759-300x400.jpg 300w, https:\/\/cphride.dk\/wp-content\/uploads\/2025\/09\/IMG_8759-450x600.jpg 450w, https:\/\/cphride.dk\/wp-content\/uploads\/2025\/09\/IMG_8759-413x550.jpg 413w, https:\/\/cphride.dk\/wp-content\/uploads\/2025\/09\/IMG_8759-scaled.jpg 1920w\" sizes=\"auto, (max-width: 768px) 100vw, 768px\" \/><\/a><\/figure>\n\n\n\n<figure class=\"wp-block-image size-large\"><a href=\"https:\/\/cphride.dk\/wp-content\/uploads\/2025\/09\/IMG_8763-scaled.jpg\"><img loading=\"lazy\" decoding=\"async\" width=\"768\" height=\"1024\" data-id=\"12990\" src=\"https:\/\/cphride.dk\/wp-content\/uploads\/2025\/09\/IMG_8763-768x1024.jpg\" alt=\"\" class=\"wp-image-12990\" srcset=\"https:\/\/cphride.dk\/wp-content\/uploads\/2025\/09\/IMG_8763-768x1024.jpg 768w, https:\/\/cphride.dk\/wp-content\/uploads\/2025\/09\/IMG_8763-225x300.jpg 225w, https:\/\/cphride.dk\/wp-content\/uploads\/2025\/09\/IMG_8763-1152x1536.jpg 1152w, https:\/\/cphride.dk\/wp-content\/uploads\/2025\/09\/IMG_8763-1536x2048.jpg 1536w, https:\/\/cphride.dk\/wp-content\/uploads\/2025\/09\/IMG_8763-300x400.jpg 300w, https:\/\/cphride.dk\/wp-content\/uploads\/2025\/09\/IMG_8763-450x600.jpg 450w, https:\/\/cphride.dk\/wp-content\/uploads\/2025\/09\/IMG_8763-413x550.jpg 413w, https:\/\/cphride.dk\/wp-content\/uploads\/2025\/09\/IMG_8763-scaled.jpg 1920w\" sizes=\"auto, (max-width: 768px) 100vw, 768px\" \/><\/a><\/figure>\n\n\n\n<figure class=\"wp-block-image size-large\"><a href=\"https:\/\/cphride.dk\/wp-content\/uploads\/2025\/09\/IMG_8789-scaled.jpg\"><img loading=\"lazy\" decoding=\"async\" width=\"768\" height=\"1024\" data-id=\"12996\" src=\"https:\/\/cphride.dk\/wp-content\/uploads\/2025\/09\/IMG_8789-768x1024.jpg\" alt=\"\" class=\"wp-image-12996\" srcset=\"https:\/\/cphride.dk\/wp-content\/uploads\/2025\/09\/IMG_8789-768x1024.jpg 768w, https:\/\/cphride.dk\/wp-content\/uploads\/2025\/09\/IMG_8789-225x300.jpg 225w, https:\/\/cphride.dk\/wp-content\/uploads\/2025\/09\/IMG_8789-1152x1536.jpg 1152w, https:\/\/cphride.dk\/wp-content\/uploads\/2025\/09\/IMG_8789-1536x2048.jpg 1536w, https:\/\/cphride.dk\/wp-content\/uploads\/2025\/09\/IMG_8789-300x400.jpg 300w, https:\/\/cphride.dk\/wp-content\/uploads\/2025\/09\/IMG_8789-450x600.jpg 450w, https:\/\/cphride.dk\/wp-content\/uploads\/2025\/09\/IMG_8789-413x550.jpg 413w, https:\/\/cphride.dk\/wp-content\/uploads\/2025\/09\/IMG_8789-scaled.jpg 1920w\" sizes=\"auto, (max-width: 768px) 100vw, 768px\" \/><\/a><\/figure>\n\n\n<\/figure>\n\n\n","protected":false},"excerpt":{"rendered":"<p>Heste, sjov, undervisning, rideture &amp; venskaber! Herunder finder du billeder fra vores to ridelejr i Juli &#8217;23. Det var en k\u00e6mpe succes og vi havde mange glade b\u00f8rn og for\u00e6ldre \ud83d\ude42 Vi har ca. 10-15 b\u00f8rn pr. ridelejr og to [&hellip;]<\/p>\n","protected":false},"author":1,"featured_media":10670,"parent":0,"menu_order":0,"comment_status":"closed","ping_status":"closed","template":"","meta":{"footnotes":""},"class_list":["post-10669","page","type-page","status-publish","has-post-thumbnail","hentry"],"yoast_head":"<!-- This site is optimized with the Yoast SEO plugin v27.4 - https:\/\/yoast.com\/product\/yoast-seo-wordpress\/ -->\n<title>Ridelejr for b\u00f8rn p\u00e5 Amager p\u00e5 rolige islandske heste | CPH:RIDE<\/title>\n<meta name=\"description\" content=\"Tag p\u00e5 ridelejr hos os og f\u00e5 masser af hestetid, sjov, undervisning, rideture &amp; venskaber! Vi har to erfarne voksne til at passe p\u00e5 jer.\" \/>\n<meta name=\"robots\" content=\"index, follow, max-snippet:-1, max-image-preview:large, max-video-preview:-1\" \/>\n<link rel=\"canonical\" href=\"https:\/\/cphride.dk\/en\/ridelejr-for-boern\/\" \/>\n<meta property=\"og:locale\" content=\"en_US\" \/>\n<meta property=\"og:type\" content=\"article\" \/>\n<meta property=\"og:title\" content=\"Ridelejr for b\u00f8rn p\u00e5 Amager p\u00e5 rolige islandske heste | CPH:RIDE\" \/>\n<meta property=\"og:description\" content=\"Tag p\u00e5 ridelejr hos os og f\u00e5 masser af hestetid, sjov, undervisning, rideture &amp; venskaber! Vi har to erfarne voksne til at passe p\u00e5 jer.\" \/>\n<meta property=\"og:url\" content=\"https:\/\/cphride.dk\/en\/ridelejr-for-boern\/\" \/>\n<meta property=\"og:site_name\" content=\"CPH:RIDE\" \/>\n<meta property=\"article:modified_time\" content=\"2025-10-07T15:04:38+00:00\" \/>\n<meta property=\"og:image\" content=\"http:\/\/cphride.dk\/wp-content\/uploads\/2023\/07\/ridelejr-001.jpg\" \/>\n\t<meta property=\"og:image:width\" content=\"765\" \/>\n\t<meta property=\"og:image:height\" content=\"360\" \/>\n\t<meta property=\"og:image:type\" content=\"image\/jpeg\" \/>\n<meta name=\"twitter:card\" content=\"summary_large_image\" \/>\n<meta name=\"twitter:label1\" content=\"Est. reading time\" \/>\n\t<meta name=\"twitter:data1\" content=\"4 minutes\" \/>\n<script type=\"application\/ld+json\" class=\"yoast-schema-graph\">{\"@context\":\"https:\\\/\\\/schema.org\",\"@graph\":[{\"@type\":\"WebPage\",\"@id\":\"https:\\\/\\\/cphride.dk\\\/en\\\/ridelejr-for-boern\\\/\",\"url\":\"https:\\\/\\\/cphride.dk\\\/en\\\/ridelejr-for-boern\\\/\",\"name\":\"Ridelejr for b\u00f8rn p\u00e5 Amager p\u00e5 rolige islandske heste | CPH:RIDE\",\"isPartOf\":{\"@id\":\"https:\\\/\\\/cphride.dk\\\/en\\\/#website\"},\"primaryImageOfPage\":{\"@id\":\"https:\\\/\\\/cphride.dk\\\/en\\\/ridelejr-for-boern\\\/#primaryimage\"},\"image\":{\"@id\":\"https:\\\/\\\/cphride.dk\\\/en\\\/ridelejr-for-boern\\\/#primaryimage\"},\"thumbnailUrl\":\"https:\\\/\\\/cphride.dk\\\/wp-content\\\/uploads\\\/2023\\\/07\\\/ridelejr-001.jpg\",\"datePublished\":\"2023-07-14T11:36:43+00:00\",\"dateModified\":\"2025-10-07T15:04:38+00:00\",\"description\":\"Tag p\u00e5 ridelejr hos os og f\u00e5 masser af hestetid, sjov, undervisning, rideture & venskaber! Vi har to erfarne voksne til at passe p\u00e5 jer.\",\"breadcrumb\":{\"@id\":\"https:\\\/\\\/cphride.dk\\\/en\\\/ridelejr-for-boern\\\/#breadcrumb\"},\"inLanguage\":\"en-US\",\"potentialAction\":[{\"@type\":\"ReadAction\",\"target\":[\"https:\\\/\\\/cphride.dk\\\/en\\\/ridelejr-for-boern\\\/\"]}]},{\"@type\":\"ImageObject\",\"inLanguage\":\"en-US\",\"@id\":\"https:\\\/\\\/cphride.dk\\\/en\\\/ridelejr-for-boern\\\/#primaryimage\",\"url\":\"https:\\\/\\\/cphride.dk\\\/wp-content\\\/uploads\\\/2023\\\/07\\\/ridelejr-001.jpg\",\"contentUrl\":\"https:\\\/\\\/cphride.dk\\\/wp-content\\\/uploads\\\/2023\\\/07\\\/ridelejr-001.jpg\",\"width\":765,\"height\":360},{\"@type\":\"BreadcrumbList\",\"@id\":\"https:\\\/\\\/cphride.dk\\\/en\\\/ridelejr-for-boern\\\/#breadcrumb\",\"itemListElement\":[{\"@type\":\"ListItem\",\"position\":1,\"name\":\"Hjem\",\"item\":\"https:\\\/\\\/cphride.dk\\\/en\\\/\"},{\"@type\":\"ListItem\",\"position\":2,\"name\":\"Ridelejr for b\u00f8rn\"}]},{\"@type\":\"WebSite\",\"@id\":\"https:\\\/\\\/cphride.dk\\\/en\\\/#website\",\"url\":\"https:\\\/\\\/cphride.dk\\\/en\\\/\",\"name\":\"CPH:RIDE\",\"description\":\"Riding & Therapy In Copenhagen\",\"publisher\":{\"@id\":\"https:\\\/\\\/cphride.dk\\\/en\\\/#organization\"},\"potentialAction\":[{\"@type\":\"SearchAction\",\"target\":{\"@type\":\"EntryPoint\",\"urlTemplate\":\"https:\\\/\\\/cphride.dk\\\/en\\\/?s={search_term_string}\"},\"query-input\":{\"@type\":\"PropertyValueSpecification\",\"valueRequired\":true,\"valueName\":\"search_term_string\"}}],\"inLanguage\":\"en-US\"},{\"@type\":\"Organization\",\"@id\":\"https:\\\/\\\/cphride.dk\\\/en\\\/#organization\",\"name\":\"CPH:RIDE\",\"url\":\"https:\\\/\\\/cphride.dk\\\/en\\\/\",\"logo\":{\"@type\":\"ImageObject\",\"inLanguage\":\"en-US\",\"@id\":\"https:\\\/\\\/cphride.dk\\\/en\\\/#\\\/schema\\\/logo\\\/image\\\/\",\"url\":\"\",\"contentUrl\":\"\",\"caption\":\"CPH:RIDE\"},\"image\":{\"@id\":\"https:\\\/\\\/cphride.dk\\\/en\\\/#\\\/schema\\\/logo\\\/image\\\/\"}}]}<\/script>\n<!-- \/ Yoast SEO plugin. -->","yoast_head_json":{"title":"Ridelejr for b\u00f8rn p\u00e5 Amager p\u00e5 rolige islandske heste | CPH:RIDE","description":"Tag p\u00e5 ridelejr hos os og f\u00e5 masser af hestetid, sjov, undervisning, rideture & venskaber! Vi har to erfarne voksne til at passe p\u00e5 jer.","robots":{"index":"index","follow":"follow","max-snippet":"max-snippet:-1","max-image-preview":"max-image-preview:large","max-video-preview":"max-video-preview:-1"},"canonical":"https:\/\/cphride.dk\/en\/ridelejr-for-boern\/","og_locale":"en_US","og_type":"article","og_title":"Ridelejr for b\u00f8rn p\u00e5 Amager p\u00e5 rolige islandske heste | CPH:RIDE","og_description":"Tag p\u00e5 ridelejr hos os og f\u00e5 masser af hestetid, sjov, undervisning, rideture & venskaber! Vi har to erfarne voksne til at passe p\u00e5 jer.","og_url":"https:\/\/cphride.dk\/en\/ridelejr-for-boern\/","og_site_name":"CPH:RIDE","article_modified_time":"2025-10-07T15:04:38+00:00","og_image":[{"width":765,"height":360,"url":"http:\/\/cphride.dk\/wp-content\/uploads\/2023\/07\/ridelejr-001.jpg","type":"image\/jpeg"}],"twitter_card":"summary_large_image","twitter_misc":{"Est. reading time":"4 minutes"},"schema":{"@context":"https:\/\/schema.org","@graph":[{"@type":"WebPage","@id":"https:\/\/cphride.dk\/en\/ridelejr-for-boern\/","url":"https:\/\/cphride.dk\/en\/ridelejr-for-boern\/","name":"Ridelejr for b\u00f8rn p\u00e5 Amager p\u00e5 rolige islandske heste | CPH:RIDE","isPartOf":{"@id":"https:\/\/cphride.dk\/en\/#website"},"primaryImageOfPage":{"@id":"https:\/\/cphride.dk\/en\/ridelejr-for-boern\/#primaryimage"},"image":{"@id":"https:\/\/cphride.dk\/en\/ridelejr-for-boern\/#primaryimage"},"thumbnailUrl":"https:\/\/cphride.dk\/wp-content\/uploads\/2023\/07\/ridelejr-001.jpg","datePublished":"2023-07-14T11:36:43+00:00","dateModified":"2025-10-07T15:04:38+00:00","description":"Tag p\u00e5 ridelejr hos os og f\u00e5 masser af hestetid, sjov, undervisning, rideture & venskaber! Vi har to erfarne voksne til at passe p\u00e5 jer.","breadcrumb":{"@id":"https:\/\/cphride.dk\/en\/ridelejr-for-boern\/#breadcrumb"},"inLanguage":"en-US","potentialAction":[{"@type":"ReadAction","target":["https:\/\/cphride.dk\/en\/ridelejr-for-boern\/"]}]},{"@type":"ImageObject","inLanguage":"en-US","@id":"https:\/\/cphride.dk\/en\/ridelejr-for-boern\/#primaryimage","url":"https:\/\/cphride.dk\/wp-content\/uploads\/2023\/07\/ridelejr-001.jpg","contentUrl":"https:\/\/cphride.dk\/wp-content\/uploads\/2023\/07\/ridelejr-001.jpg","width":765,"height":360},{"@type":"BreadcrumbList","@id":"https:\/\/cphride.dk\/en\/ridelejr-for-boern\/#breadcrumb","itemListElement":[{"@type":"ListItem","position":1,"name":"Hjem","item":"https:\/\/cphride.dk\/en\/"},{"@type":"ListItem","position":2,"name":"Ridelejr for b\u00f8rn"}]},{"@type":"WebSite","@id":"https:\/\/cphride.dk\/en\/#website","url":"https:\/\/cphride.dk\/en\/","name":"CPH:RIDE","description":"Riding & Therapy In Copenhagen","publisher":{"@id":"https:\/\/cphride.dk\/en\/#organization"},"potentialAction":[{"@type":"SearchAction","target":{"@type":"EntryPoint","urlTemplate":"https:\/\/cphride.dk\/en\/?s={search_term_string}"},"query-input":{"@type":"PropertyValueSpecification","valueRequired":true,"valueName":"search_term_string"}}],"inLanguage":"en-US"},{"@type":"Organization","@id":"https:\/\/cphride.dk\/en\/#organization","name":"CPH:RIDE","url":"https:\/\/cphride.dk\/en\/","logo":{"@type":"ImageObject","inLanguage":"en-US","@id":"https:\/\/cphride.dk\/en\/#\/schema\/logo\/image\/","url":"","contentUrl":"","caption":"CPH:RIDE"},"image":{"@id":"https:\/\/cphride.dk\/en\/#\/schema\/logo\/image\/"}}]}},"_links":{"self":[{"href":"https:\/\/cphride.dk\/en\/wp-json\/wp\/v2\/pages\/10669","targetHints":{"allow":["GET"]}}],"collection":[{"href":"https:\/\/cphride.dk\/en\/wp-json\/wp\/v2\/pages"}],"about":[{"href":"https:\/\/cphride.dk\/en\/wp-json\/wp\/v2\/types\/page"}],"author":[{"embeddable":true,"href":"https:\/\/cphride.dk\/en\/wp-json\/wp\/v2\/users\/1"}],"replies":[{"embeddable":true,"href":"https:\/\/cphride.dk\/en\/wp-json\/wp\/v2\/comments?post=10669"}],"version-history":[{"count":15,"href":"https:\/\/cphride.dk\/en\/wp-json\/wp\/v2\/pages\/10669\/revisions"}],"predecessor-version":[{"id":13270,"href":"https:\/\/cphride.dk\/en\/wp-json\/wp\/v2\/pages\/10669\/revisions\/13270"}],"wp:featuredmedia":[{"embeddable":true,"href":"https:\/\/cphride.dk\/en\/wp-json\/wp\/v2\/media\/10670"}],"wp:attachment":[{"href":"https:\/\/cphride.dk\/en\/wp-json\/wp\/v2\/media?parent=10669"}],"curies":[{"name":"wp","href":"https:\/\/api.w.org\/{rel}","templated":true}]}}